{"id":4245,"date":"2025-08-09T07:12:44","date_gmt":"2025-08-09T07:12:44","guid":{"rendered":"https:\/\/brisegateau.com\/?post_type=product&#038;p=4245"},"modified":"2025-08-09T07:13:31","modified_gmt":"2025-08-09T07:13:31","slug":"mille-cake","status":"publish","type":"product","link":"https:\/\/brisegateau.com\/fr_ca\/produit\/mille-cake\/","title":{"rendered":"G\u00e2teau Mille"},"content":{"rendered":"<p><strong data-start=\"43\" data-end=\"55\">Stockage:<\/strong> \u00c0 conserver au r\u00e9frig\u00e9rateur. \u00c0 consommer de pr\u00e9f\u00e9rence dans les 2 \u00e0 3 jours.<\/p>\n<p>Image \u00e0 titre indicatif uniquement<\/p>","protected":false},"excerpt":{"rendered":"<p>Conservation\u00a0: \u00c0 conserver au r\u00e9frig\u00e9rateur. \u00c0 consommer de pr\u00e9f\u00e9rence dans les 2 \u00e0 3 jours. Image \u00e0 titre indicatif uniquement.<\/p>","protected":false},"featured_media":4241,"template":"","meta":{"om_disable_all_campaigns":false,"_uag_custom_page_level_css":"","_monsterinsights_skip_tracking":false,"_monsterinsights_sitenote_active":false,"_monsterinsights_sitenote_note":"","_monsterinsights_sitenote_category":0,"site-sidebar-layout":"default","site-content-layout":"","ast-site-content-layout":"default","site-content-style":"default","site-sidebar-style":"default","ast-global-header-display":"","ast-banner-title-visibility":"","ast-main-header-display":"","ast-hfb-above-header-display":"","ast-hfb-below-header-display":"","ast-hfb-mobile-header-display":"","site-post-title":"","ast-breadcrumbs-content":"","ast-featured-img":"","footer-sml-layout":"","theme-transparent-header-meta":"default","adv-header-id-meta":"","stick-header-meta":"","header-above-stick-meta":"","header-main-stick-meta":"","header-below-stick-meta":"","astra-migrate-meta-layouts":"set","ast-page-background-enabled":"default","ast-page-background-meta":{"desktop":{"background-color":"var(--ast-global-color-4)","background-image":"","background-repeat":"repeat","background-position":"center center","background-size":"auto","background-attachment":"scroll","background-type":"","background-media":"","overlay-type":"","overlay-color":"","overlay-opacity":"","overlay-gradient":""},"tablet":{"background-color":"","background-image":"","background-repeat":"repeat","background-position":"center center","background-size":"auto","background-attachment":"scroll","background-type":"","background-media":"","overlay-type":"","overlay-color":"","overlay-opacity":"","overlay-gradient":""},"mobile":{"background-color":"","background-image":"","background-repeat":"repeat","background-position":"center center","background-size":"auto","background-attachment":"scroll","background-type":"","background-media":"","overlay-type":"","overlay-color":"","overlay-opacity":"","overlay-gradient":""}},"ast-content-background-meta":{"desktop":{"background-color":"var(--ast-global-color-5)","background-image":"","background-repeat":"repeat","background-position":"center center","background-size":"auto","background-attachment":"scroll","background-type":"","background-media":"","overlay-type":"","overlay-color":"","overlay-opacity":"","overlay-gradient":""},"tablet":{"background-color":"var(--ast-global-color-5)","background-image":"","background-repeat":"repeat","background-position":"center center","background-size":"auto","background-attachment":"scroll","background-type":"","background-media":"","overlay-type":"","overlay-color":"","overlay-opacity":"","overlay-gradient":""},"mobile":{"background-color":"var(--ast-global-color-5)","background-image":"","background-repeat":"repeat","background-position":"center center","background-size":"auto","background-attachment":"scroll","background-type":"","background-media":"","overlay-type":"","overlay-color":"","overlay-opacity":"","overlay-gradient":""}}},"product_brand":[],"product_cat":[46],"product_tag":[],"class_list":{"0":"post-4245","1":"product","2":"type-product","3":"status-publish","4":"has-post-thumbnail","6":"product_cat-classic-bakery-products","7":"desktop-align-center","8":"tablet-align-left","9":"mobile-align-left","11":"first","12":"instock","13":"taxable","14":"shipping-taxable","15":"purchasable","16":"product-type-simple"},"aioseo_notices":[],"uagb_featured_image_src":{"full":["https:\/\/brisegateau.com\/wp-content\/uploads\/2025\/08\/\u9ed8\u8ba4\u6807\u9898__2025-08-0912_19_21.png",800,800,false],"thumbnail":["https:\/\/brisegateau.com\/wp-content\/uploads\/2025\/08\/\u9ed8\u8ba4\u6807\u9898__2025-08-0912_19_21-150x150.png",150,150,true],"medium":["https:\/\/brisegateau.com\/wp-content\/uploads\/2025\/08\/\u9ed8\u8ba4\u6807\u9898__2025-08-0912_19_21-300x300.png",300,300,true],"medium_large":["https:\/\/brisegateau.com\/wp-content\/uploads\/2025\/08\/\u9ed8\u8ba4\u6807\u9898__2025-08-0912_19_21-768x768.png",768,768,true],"large":["https:\/\/brisegateau.com\/wp-content\/uploads\/2025\/08\/\u9ed8\u8ba4\u6807\u9898__2025-08-0912_19_21.png",800,800,false],"1536x1536":["https:\/\/brisegateau.com\/wp-content\/uploads\/2025\/08\/\u9ed8\u8ba4\u6807\u9898__2025-08-0912_19_21.png",800,800,false],"2048x2048":["https:\/\/brisegateau.com\/wp-content\/uploads\/2025\/08\/\u9ed8\u8ba4\u6807\u9898__2025-08-0912_19_21.png",800,800,false],"trp-custom-language-flag":["https:\/\/brisegateau.com\/wp-content\/uploads\/2025\/08\/\u9ed8\u8ba4\u6807\u9898__2025-08-0912_19_21-12x12.png",12,12,true],"woocommerce_thumbnail":["https:\/\/brisegateau.com\/wp-content\/uploads\/2025\/08\/\u9ed8\u8ba4\u6807\u9898__2025-08-0912_19_21-300x300.png",300,300,true],"woocommerce_single":["https:\/\/brisegateau.com\/wp-content\/uploads\/2025\/08\/\u9ed8\u8ba4\u6807\u9898__2025-08-0912_19_21-600x600.png",600,600,true],"woocommerce_gallery_thumbnail":["https:\/\/brisegateau.com\/wp-content\/uploads\/2025\/08\/\u9ed8\u8ba4\u6807\u9898__2025-08-0912_19_21-100x100.png",100,100,true]},"uagb_author_info":{"display_name":"Ying Song","author_link":"https:\/\/brisegateau.com\/fr_ca\/author\/"},"uagb_comment_info":0,"uagb_excerpt":"Storage: Keep refrigerated. Best consumed within 2\u20133 days Image for reference only","_links":{"self":[{"href":"https:\/\/brisegateau.com\/fr_ca\/wp-json\/wp\/v2\/product\/4245","targetHints":{"allow":["GET"]}}],"collection":[{"href":"https:\/\/brisegateau.com\/fr_ca\/wp-json\/wp\/v2\/product"}],"about":[{"href":"https:\/\/brisegateau.com\/fr_ca\/wp-json\/wp\/v2\/types\/product"}],"wp:featuredmedia":[{"embeddable":true,"href":"https:\/\/brisegateau.com\/fr_ca\/wp-json\/wp\/v2\/media\/4241"}],"wp:attachment":[{"href":"https:\/\/brisegateau.com\/fr_ca\/wp-json\/wp\/v2\/media?parent=4245"}],"wp:term":[{"taxonomy":"product_brand","embeddable":true,"href":"https:\/\/brisegateau.com\/fr_ca\/wp-json\/wp\/v2\/product_brand?post=4245"},{"taxonomy":"product_cat","embeddable":true,"href":"https:\/\/brisegateau.com\/fr_ca\/wp-json\/wp\/v2\/product_cat?post=4245"},{"taxonomy":"product_tag","embeddable":true,"href":"https:\/\/brisegateau.com\/fr_ca\/wp-json\/wp\/v2\/product_tag?post=4245"}],"curies":[{"name":"wp","href":"https:\/\/api.w.org\/{rel}","templated":true}]}}