{"id":4060,"date":"2025-08-07T00:19:54","date_gmt":"2025-08-07T00:19:54","guid":{"rendered":"https:\/\/brisegateau.com\/?post_type=product&#038;p=4060"},"modified":"2025-12-03T02:07:11","modified_gmt":"2025-12-03T07:07:11","slug":"229-bright-journey","status":"publish","type":"product","link":"https:\/\/brisegateau.com\/fr_ca\/produit\/229-bright-journey\/","title":{"rendered":"#229 Bright Journey"},"content":{"rendered":"<p><strong>Les objets d\u00e9coratifs ne sont pas destin\u00e9s \u00e0 \u00eatre mang\u00e9s<\/strong><\/p>\n<p><strong data-start=\"43\" data-end=\"55\">Stockage:<\/strong>\u00a0\u00c0 conserver au r\u00e9frig\u00e9rateur. \u00c0 consommer de pr\u00e9f\u00e9rence dans les 1 \u00e0 2 jours.<\/p>\n<p>Les petits \u00e9l\u00e9ments d\u00e9coratifs peuvent l\u00e9g\u00e8rement diff\u00e9rer<\/p>\n<p>Image \u00e0 titre indicatif uniquement<\/p>","protected":false},"excerpt":{"rendered":"<p>Les objets d\u00e9coratifs ne sont pas destin\u00e9s \u00e0 \u00eatre consomm\u00e9s. Conservation\u00a0: \u00c0 conserver au r\u00e9frig\u00e9rateur. \u00c0 consommer de pr\u00e9f\u00e9rence dans les 1 \u00e0 2 jours. Les petits \u00e9l\u00e9ments d\u00e9coratifs peuvent l\u00e9g\u00e8rement diff\u00e9rer. Image \u00e0 titre indicatif uniquement.<\/p>","protected":false},"featured_media":3581,"template":"","meta":{"om_disable_all_campaigns":false,"_uag_custom_page_level_css":"","_monsterinsights_skip_tracking":false,"_monsterinsights_sitenote_active":false,"_monsterinsights_sitenote_note":"","_monsterinsights_sitenote_category":0,"site-sidebar-layout":"default","site-content-layout":"","ast-site-content-layout":"default","site-content-style":"default","site-sidebar-style":"default","ast-global-header-display":"","ast-banner-title-visibility":"","ast-main-header-display":"","ast-hfb-above-header-display":"","ast-hfb-below-header-display":"","ast-hfb-mobile-header-display":"","site-post-title":"","ast-breadcrumbs-content":"","ast-featured-img":"","footer-sml-layout":"","theme-transparent-header-meta":"default","adv-header-id-meta":"","stick-header-meta":"","header-above-stick-meta":"","header-main-stick-meta":"","header-below-stick-meta":"","astra-migrate-meta-layouts":"set","ast-page-background-enabled":"default","ast-page-background-meta":{"desktop":{"background-color":"var(--ast-global-color-4)","background-image":"","background-repeat":"repeat","background-position":"center center","background-size":"auto","background-attachment":"scroll","background-type":"","background-media":"","overlay-type":"","overlay-color":"","overlay-opacity":"","overlay-gradient":""},"tablet":{"background-color":"","background-image":"","background-repeat":"repeat","background-position":"center center","background-size":"auto","background-attachment":"scroll","background-type":"","background-media":"","overlay-type":"","overlay-color":"","overlay-opacity":"","overlay-gradient":""},"mobile":{"background-color":"","background-image":"","background-repeat":"repeat","background-position":"center center","background-size":"auto","background-attachment":"scroll","background-type":"","background-media":"","overlay-type":"","overlay-color":"","overlay-opacity":"","overlay-gradient":""}},"ast-content-background-meta":{"desktop":{"background-color":"var(--ast-global-color-5)","background-image":"","background-repeat":"repeat","background-position":"center center","background-size":"auto","background-attachment":"scroll","background-type":"","background-media":"","overlay-type":"","overlay-color":"","overlay-opacity":"","overlay-gradient":""},"tablet":{"background-color":"var(--ast-global-color-5)","background-image":"","background-repeat":"repeat","background-position":"center center","background-size":"auto","background-attachment":"scroll","background-type":"","background-media":"","overlay-type":"","overlay-color":"","overlay-opacity":"","overlay-gradient":""},"mobile":{"background-color":"var(--ast-global-color-5)","background-image":"","background-repeat":"repeat","background-position":"center center","background-size":"auto","background-attachment":"scroll","background-type":"","background-media":"","overlay-type":"","overlay-color":"","overlay-opacity":"","overlay-gradient":""}}},"product_brand":[],"product_cat":[33],"product_tag":[],"class_list":{"0":"post-4060","1":"product","2":"type-product","3":"status-publish","4":"has-post-thumbnail","6":"product_cat-occasion-cakes","7":"desktop-align-center","8":"tablet-align-left","9":"mobile-align-left","11":"first","12":"instock","13":"sold-individually","14":"taxable","15":"shipping-taxable","16":"purchasable","17":"product-type-simple"},"aioseo_notices":[],"uagb_featured_image_src":{"full":["https:\/\/brisegateau.com\/wp-content\/uploads\/2025\/07\/143-\u524d\u7a0b\u4f3c\u9526-scaled.png",1900,2560,false],"thumbnail":["https:\/\/brisegateau.com\/wp-content\/uploads\/2025\/07\/143-\u524d\u7a0b\u4f3c\u9526-150x150.png",150,150,true],"medium":["https:\/\/brisegateau.com\/wp-content\/uploads\/2025\/07\/143-\u524d\u7a0b\u4f3c\u9526-223x300.png",223,300,true],"medium_large":["https:\/\/brisegateau.com\/wp-content\/uploads\/2025\/07\/143-\u524d\u7a0b\u4f3c\u9526-768x1035.png",768,1035,true],"large":["https:\/\/brisegateau.com\/wp-content\/uploads\/2025\/07\/143-\u524d\u7a0b\u4f3c\u9526-760x1024.png",760,1024,true],"1536x1536":["https:\/\/brisegateau.com\/wp-content\/uploads\/2025\/07\/143-\u524d\u7a0b\u4f3c\u9526-1140x1536.png",1140,1536,true],"2048x2048":["https:\/\/brisegateau.com\/wp-content\/uploads\/2025\/07\/143-\u524d\u7a0b\u4f3c\u9526-1520x2048.png",1520,2048,true],"trp-custom-language-flag":["https:\/\/brisegateau.com\/wp-content\/uploads\/2025\/07\/143-\u524d\u7a0b\u4f3c\u9526-9x12.png",9,12,true],"woocommerce_thumbnail":["https:\/\/brisegateau.com\/wp-content\/uploads\/2025\/07\/143-\u524d\u7a0b\u4f3c\u9526-300x300.png",300,300,true],"woocommerce_single":["https:\/\/brisegateau.com\/wp-content\/uploads\/2025\/07\/143-\u524d\u7a0b\u4f3c\u9526-600x808.png",600,808,true],"woocommerce_gallery_thumbnail":["https:\/\/brisegateau.com\/wp-content\/uploads\/2025\/07\/143-\u524d\u7a0b\u4f3c\u9526-100x100.png",100,100,true]},"uagb_author_info":{"display_name":"Ying Song","author_link":"https:\/\/brisegateau.com\/fr_ca\/author\/"},"uagb_comment_info":0,"uagb_excerpt":"Decorative items are not meant to be eaten Storage:\u00a0Keep refrigerated. Best consumed within 1\u20132 days Small decorative elements may differ slightly Image for reference only","_links":{"self":[{"href":"https:\/\/brisegateau.com\/fr_ca\/wp-json\/wp\/v2\/product\/4060","targetHints":{"allow":["GET"]}}],"collection":[{"href":"https:\/\/brisegateau.com\/fr_ca\/wp-json\/wp\/v2\/product"}],"about":[{"href":"https:\/\/brisegateau.com\/fr_ca\/wp-json\/wp\/v2\/types\/product"}],"wp:featuredmedia":[{"embeddable":true,"href":"https:\/\/brisegateau.com\/fr_ca\/wp-json\/wp\/v2\/media\/3581"}],"wp:attachment":[{"href":"https:\/\/brisegateau.com\/fr_ca\/wp-json\/wp\/v2\/media?parent=4060"}],"wp:term":[{"taxonomy":"product_brand","embeddable":true,"href":"https:\/\/brisegateau.com\/fr_ca\/wp-json\/wp\/v2\/product_brand?post=4060"},{"taxonomy":"product_cat","embeddable":true,"href":"https:\/\/brisegateau.com\/fr_ca\/wp-json\/wp\/v2\/product_cat?post=4060"},{"taxonomy":"product_tag","embeddable":true,"href":"https:\/\/brisegateau.com\/fr_ca\/wp-json\/wp\/v2\/product_tag?post=4060"}],"curies":[{"name":"wp","href":"https:\/\/api.w.org\/{rel}","templated":true}]}}