{"id":3830,"date":"2025-08-01T04:14:15","date_gmt":"2025-08-01T04:14:15","guid":{"rendered":"https:\/\/brisegateau.com\/?post_type=product&#038;p=3830"},"modified":"2025-08-08T04:00:10","modified_gmt":"2025-08-08T04:00:10","slug":"pastry-with-lotus-and-egg-yolk-pack-of-4","status":"publish","type":"product","link":"https:\/\/brisegateau.com\/fr_ca\/produit\/pastry-with-lotus-and-egg-yolk-pack-of-4\/","title":{"rendered":"P\u00e2tisserie au lotus et au jaune d&#039;\u0153uf (lot de 4)"},"content":{"rendered":"<p>!!! Veuillez noter que <strong>saindoux (graisse de porc)<\/strong> est utilis\u00e9 dans le processus de cuisson !!!<\/p>\n<p><strong data-start=\"123\" data-end=\"135\">Stockage:<\/strong> \u00c0 conserver \u00e0 temp\u00e9rature ambiante. \u00c0 consommer de pr\u00e9f\u00e9rence dans les 4 jours.<\/p>\n<p>Images \u00e0 titre indicatif uniquement<\/p>","protected":false},"excerpt":{"rendered":"<p>Attention, du saindoux (graisse de porc) est utilis\u00e9 pour la cuisson. Conservation\u00a0: \u00c0 conserver \u00e0 temp\u00e9rature ambiante. \u00c0 consommer de pr\u00e9f\u00e9rence dans les 4\u00a0jours. Images \u00e0 titre indicatif.<\/p>","protected":false},"featured_media":3826,"template":"","meta":{"om_disable_all_campaigns":false,"_uag_custom_page_level_css":"","_monsterinsights_skip_tracking":false,"_monsterinsights_sitenote_active":false,"_monsterinsights_sitenote_note":"","_monsterinsights_sitenote_category":0,"site-sidebar-layout":"default","site-content-layout":"","ast-site-content-layout":"default","site-content-style":"default","site-sidebar-style":"default","ast-global-header-display":"","ast-banner-title-visibility":"","ast-main-header-display":"","ast-hfb-above-header-display":"","ast-hfb-below-header-display":"","ast-hfb-mobile-header-display":"","site-post-title":"","ast-breadcrumbs-content":"","ast-featured-img":"","footer-sml-layout":"","theme-transparent-header-meta":"default","adv-header-id-meta":"","stick-header-meta":"","header-above-stick-meta":"","header-main-stick-meta":"","header-below-stick-meta":"","astra-migrate-meta-layouts":"set","ast-page-background-enabled":"default","ast-page-background-meta":{"desktop":{"background-color":"var(--ast-global-color-4)","background-image":"","background-repeat":"repeat","background-position":"center center","background-size":"auto","background-attachment":"scroll","background-type":"","background-media":"","overlay-type":"","overlay-color":"","overlay-opacity":"","overlay-gradient":""},"tablet":{"background-color":"","background-image":"","background-repeat":"repeat","background-position":"center center","background-size":"auto","background-attachment":"scroll","background-type":"","background-media":"","overlay-type":"","overlay-color":"","overlay-opacity":"","overlay-gradient":""},"mobile":{"background-color":"","background-image":"","background-repeat":"repeat","background-position":"center center","background-size":"auto","background-attachment":"scroll","background-type":"","background-media":"","overlay-type":"","overlay-color":"","overlay-opacity":"","overlay-gradient":""}},"ast-content-background-meta":{"desktop":{"background-color":"var(--ast-global-color-5)","background-image":"","background-repeat":"repeat","background-position":"center center","background-size":"auto","background-attachment":"scroll","background-type":"","background-media":"","overlay-type":"","overlay-color":"","overlay-opacity":"","overlay-gradient":""},"tablet":{"background-color":"var(--ast-global-color-5)","background-image":"","background-repeat":"repeat","background-position":"center center","background-size":"auto","background-attachment":"scroll","background-type":"","background-media":"","overlay-type":"","overlay-color":"","overlay-opacity":"","overlay-gradient":""},"mobile":{"background-color":"var(--ast-global-color-5)","background-image":"","background-repeat":"repeat","background-position":"center center","background-size":"auto","background-attachment":"scroll","background-type":"","background-media":"","overlay-type":"","overlay-color":"","overlay-opacity":"","overlay-gradient":""}}},"product_brand":[],"product_cat":[43],"product_tag":[],"class_list":{"0":"post-3830","1":"product","2":"type-product","3":"status-publish","4":"has-post-thumbnail","6":"product_cat-pastry","7":"desktop-align-center","8":"tablet-align-left","9":"mobile-align-left","11":"first","12":"instock","13":"taxable","14":"shipping-taxable","15":"purchasable","16":"product-type-simple"},"aioseo_notices":[],"uagb_featured_image_src":{"full":["https:\/\/brisegateau.com\/wp-content\/uploads\/2025\/08\/\u9ed8\u8ba4\u6807\u9898__2025-08-0112_00_01.png",800,800,false],"thumbnail":["https:\/\/brisegateau.com\/wp-content\/uploads\/2025\/08\/\u9ed8\u8ba4\u6807\u9898__2025-08-0112_00_01-150x150.png",150,150,true],"medium":["https:\/\/brisegateau.com\/wp-content\/uploads\/2025\/08\/\u9ed8\u8ba4\u6807\u9898__2025-08-0112_00_01-300x300.png",300,300,true],"medium_large":["https:\/\/brisegateau.com\/wp-content\/uploads\/2025\/08\/\u9ed8\u8ba4\u6807\u9898__2025-08-0112_00_01-768x768.png",768,768,true],"large":["https:\/\/brisegateau.com\/wp-content\/uploads\/2025\/08\/\u9ed8\u8ba4\u6807\u9898__2025-08-0112_00_01.png",800,800,false],"1536x1536":["https:\/\/brisegateau.com\/wp-content\/uploads\/2025\/08\/\u9ed8\u8ba4\u6807\u9898__2025-08-0112_00_01.png",800,800,false],"2048x2048":["https:\/\/brisegateau.com\/wp-content\/uploads\/2025\/08\/\u9ed8\u8ba4\u6807\u9898__2025-08-0112_00_01.png",800,800,false],"trp-custom-language-flag":["https:\/\/brisegateau.com\/wp-content\/uploads\/2025\/08\/\u9ed8\u8ba4\u6807\u9898__2025-08-0112_00_01-12x12.png",12,12,true],"woocommerce_thumbnail":["https:\/\/brisegateau.com\/wp-content\/uploads\/2025\/08\/\u9ed8\u8ba4\u6807\u9898__2025-08-0112_00_01-300x300.png",300,300,true],"woocommerce_single":["https:\/\/brisegateau.com\/wp-content\/uploads\/2025\/08\/\u9ed8\u8ba4\u6807\u9898__2025-08-0112_00_01-600x600.png",600,600,true],"woocommerce_gallery_thumbnail":["https:\/\/brisegateau.com\/wp-content\/uploads\/2025\/08\/\u9ed8\u8ba4\u6807\u9898__2025-08-0112_00_01-100x100.png",100,100,true]},"uagb_author_info":{"display_name":"Ying Song","author_link":"https:\/\/brisegateau.com\/fr_ca\/author\/"},"uagb_comment_info":0,"uagb_excerpt":"!!! Please note that lard (Pork Fat) is used in the baking process !!! Storage: Keep at room temperature. Best consumed within 4 days. Images for reference only","_links":{"self":[{"href":"https:\/\/brisegateau.com\/fr_ca\/wp-json\/wp\/v2\/product\/3830","targetHints":{"allow":["GET"]}}],"collection":[{"href":"https:\/\/brisegateau.com\/fr_ca\/wp-json\/wp\/v2\/product"}],"about":[{"href":"https:\/\/brisegateau.com\/fr_ca\/wp-json\/wp\/v2\/types\/product"}],"wp:featuredmedia":[{"embeddable":true,"href":"https:\/\/brisegateau.com\/fr_ca\/wp-json\/wp\/v2\/media\/3826"}],"wp:attachment":[{"href":"https:\/\/brisegateau.com\/fr_ca\/wp-json\/wp\/v2\/media?parent=3830"}],"wp:term":[{"taxonomy":"product_brand","embeddable":true,"href":"https:\/\/brisegateau.com\/fr_ca\/wp-json\/wp\/v2\/product_brand?post=3830"},{"taxonomy":"product_cat","embeddable":true,"href":"https:\/\/brisegateau.com\/fr_ca\/wp-json\/wp\/v2\/product_cat?post=3830"},{"taxonomy":"product_tag","embeddable":true,"href":"https:\/\/brisegateau.com\/fr_ca\/wp-json\/wp\/v2\/product_tag?post=3830"}],"curies":[{"name":"wp","href":"https:\/\/api.w.org\/{rel}","templated":true}]}}