{"id":3268,"date":"2025-07-27T18:14:16","date_gmt":"2025-07-27T18:14:16","guid":{"rendered":"https:\/\/brisegateau.com\/?post_type=product&#038;p=3268"},"modified":"2025-07-27T19:32:33","modified_gmt":"2025-07-27T19:32:33","slug":"black-sesame-and-mochi-box-cake","status":"publish","type":"product","link":"https:\/\/brisegateau.com\/fr_ca\/produit\/black-sesame-and-mochi-box-cake\/","title":{"rendered":"G\u00e2teau en bo\u00eete au s\u00e9same noir et au mochi"},"content":{"rendered":"<p>Longueur : ~8 cm Largeur : ~8 cm Hauteur : ~7 cm<\/p>","protected":false},"excerpt":{"rendered":"<p>Longueur : ~8 cm Largeur : ~8 cm Hauteur : ~7 cm<\/p>","protected":false},"featured_media":3259,"template":"","meta":{"om_disable_all_campaigns":false,"_uag_custom_page_level_css":"","_monsterinsights_skip_tracking":false,"_monsterinsights_sitenote_active":false,"_monsterinsights_sitenote_note":"","_monsterinsights_sitenote_category":0,"site-sidebar-layout":"default","site-content-layout":"","ast-site-content-layout":"default","site-content-style":"default","site-sidebar-style":"default","ast-global-header-display":"","ast-banner-title-visibility":"","ast-main-header-display":"","ast-hfb-above-header-display":"","ast-hfb-below-header-display":"","ast-hfb-mobile-header-display":"","site-post-title":"","ast-breadcrumbs-content":"","ast-featured-img":"","footer-sml-layout":"","theme-transparent-header-meta":"default","adv-header-id-meta":"","stick-header-meta":"","header-above-stick-meta":"","header-main-stick-meta":"","header-below-stick-meta":"","astra-migrate-meta-layouts":"set","ast-page-background-enabled":"default","ast-page-background-meta":{"desktop":{"background-color":"var(--ast-global-color-4)","background-image":"","background-repeat":"repeat","background-position":"center center","background-size":"auto","background-attachment":"scroll","background-type":"","background-media":"","overlay-type":"","overlay-color":"","overlay-opacity":"","overlay-gradient":""},"tablet":{"background-color":"","background-image":"","background-repeat":"repeat","background-position":"center center","background-size":"auto","background-attachment":"scroll","background-type":"","background-media":"","overlay-type":"","overlay-color":"","overlay-opacity":"","overlay-gradient":""},"mobile":{"background-color":"","background-image":"","background-repeat":"repeat","background-position":"center center","background-size":"auto","background-attachment":"scroll","background-type":"","background-media":"","overlay-type":"","overlay-color":"","overlay-opacity":"","overlay-gradient":""}},"ast-content-background-meta":{"desktop":{"background-color":"var(--ast-global-color-5)","background-image":"","background-repeat":"repeat","background-position":"center center","background-size":"auto","background-attachment":"scroll","background-type":"","background-media":"","overlay-type":"","overlay-color":"","overlay-opacity":"","overlay-gradient":""},"tablet":{"background-color":"var(--ast-global-color-5)","background-image":"","background-repeat":"repeat","background-position":"center center","background-size":"auto","background-attachment":"scroll","background-type":"","background-media":"","overlay-type":"","overlay-color":"","overlay-opacity":"","overlay-gradient":""},"mobile":{"background-color":"var(--ast-global-color-5)","background-image":"","background-repeat":"repeat","background-position":"center center","background-size":"auto","background-attachment":"scroll","background-type":"","background-media":"","overlay-type":"","overlay-color":"","overlay-opacity":"","overlay-gradient":""}}},"product_brand":[],"product_cat":[35],"product_tag":[],"class_list":{"0":"post-3268","1":"product","2":"type-product","3":"status-publish","4":"has-post-thumbnail","6":"product_cat-box-cakes","7":"desktop-align-center","8":"tablet-align-left","9":"mobile-align-left","11":"first","12":"instock","13":"taxable","14":"shipping-taxable","15":"purchasable","16":"product-type-simple"},"aioseo_notices":[],"uagb_featured_image_src":{"full":["https:\/\/brisegateau.com\/wp-content\/uploads\/2025\/07\/\u526f\u672c_\u8c46\u4e73\u9ebb\u85af\u76d2\u5b50__2025-06-0805_10_47.png",1024,768,false],"thumbnail":["https:\/\/brisegateau.com\/wp-content\/uploads\/2025\/07\/\u526f\u672c_\u8c46\u4e73\u9ebb\u85af\u76d2\u5b50__2025-06-0805_10_47-150x150.png",150,150,true],"medium":["https:\/\/brisegateau.com\/wp-content\/uploads\/2025\/07\/\u526f\u672c_\u8c46\u4e73\u9ebb\u85af\u76d2\u5b50__2025-06-0805_10_47-300x225.png",300,225,true],"medium_large":["https:\/\/brisegateau.com\/wp-content\/uploads\/2025\/07\/\u526f\u672c_\u8c46\u4e73\u9ebb\u85af\u76d2\u5b50__2025-06-0805_10_47-768x576.png",768,576,true],"large":["https:\/\/brisegateau.com\/wp-content\/uploads\/2025\/07\/\u526f\u672c_\u8c46\u4e73\u9ebb\u85af\u76d2\u5b50__2025-06-0805_10_47.png",1024,768,false],"1536x1536":["https:\/\/brisegateau.com\/wp-content\/uploads\/2025\/07\/\u526f\u672c_\u8c46\u4e73\u9ebb\u85af\u76d2\u5b50__2025-06-0805_10_47.png",1024,768,false],"2048x2048":["https:\/\/brisegateau.com\/wp-content\/uploads\/2025\/07\/\u526f\u672c_\u8c46\u4e73\u9ebb\u85af\u76d2\u5b50__2025-06-0805_10_47.png",1024,768,false],"trp-custom-language-flag":["https:\/\/brisegateau.com\/wp-content\/uploads\/2025\/07\/\u526f\u672c_\u8c46\u4e73\u9ebb\u85af\u76d2\u5b50__2025-06-0805_10_47.png",16,12,false],"woocommerce_thumbnail":["https:\/\/brisegateau.com\/wp-content\/uploads\/2025\/07\/\u526f\u672c_\u8c46\u4e73\u9ebb\u85af\u76d2\u5b50__2025-06-0805_10_47-300x300.png",300,300,true],"woocommerce_single":["https:\/\/brisegateau.com\/wp-content\/uploads\/2025\/07\/\u526f\u672c_\u8c46\u4e73\u9ebb\u85af\u76d2\u5b50__2025-06-0805_10_47-600x450.png",600,450,true],"woocommerce_gallery_thumbnail":["https:\/\/brisegateau.com\/wp-content\/uploads\/2025\/07\/\u526f\u672c_\u8c46\u4e73\u9ebb\u85af\u76d2\u5b50__2025-06-0805_10_47-100x100.png",100,100,true]},"uagb_author_info":{"display_name":"Ying Song","author_link":"https:\/\/brisegateau.com\/fr_ca\/author\/"},"uagb_comment_info":0,"uagb_excerpt":"Long: ~8cm\u00a0 Width: ~8cm\u00a0 Height: ~7cm","_links":{"self":[{"href":"https:\/\/brisegateau.com\/fr_ca\/wp-json\/wp\/v2\/product\/3268","targetHints":{"allow":["GET"]}}],"collection":[{"href":"https:\/\/brisegateau.com\/fr_ca\/wp-json\/wp\/v2\/product"}],"about":[{"href":"https:\/\/brisegateau.com\/fr_ca\/wp-json\/wp\/v2\/types\/product"}],"wp:featuredmedia":[{"embeddable":true,"href":"https:\/\/brisegateau.com\/fr_ca\/wp-json\/wp\/v2\/media\/3259"}],"wp:attachment":[{"href":"https:\/\/brisegateau.com\/fr_ca\/wp-json\/wp\/v2\/media?parent=3268"}],"wp:term":[{"taxonomy":"product_brand","embeddable":true,"href":"https:\/\/brisegateau.com\/fr_ca\/wp-json\/wp\/v2\/product_brand?post=3268"},{"taxonomy":"product_cat","embeddable":true,"href":"https:\/\/brisegateau.com\/fr_ca\/wp-json\/wp\/v2\/product_cat?post=3268"},{"taxonomy":"product_tag","embeddable":true,"href":"https:\/\/brisegateau.com\/fr_ca\/wp-json\/wp\/v2\/product_tag?post=3268"}],"curies":[{"name":"wp","href":"https:\/\/api.w.org\/{rel}","templated":true}]}}