{"id":3162,"date":"2025-07-27T03:51:29","date_gmt":"2025-07-27T03:51:29","guid":{"rendered":"https:\/\/brisegateau.com\/?page_id=3162"},"modified":"2025-07-29T05:17:57","modified_gmt":"2025-07-29T05:17:57","slug":"faqs","status":"publish","type":"page","link":"https:\/\/brisegateau.com\/fr_ca\/faqs\/","title":{"rendered":"FAQ"},"content":{"rendered":"<div data-elementor-type=\"wp-page\" data-elementor-id=\"3162\" class=\"elementor elementor-3162\">\n\t\t\t\t<div class=\"elementor-element elementor-element-ab1f026 e-flex e-con-boxed e-con e-parent\" data-id=\"ab1f026\" data-element_type=\"container\" data-e-type=\"container\">\n\t\t\t\t\t<div class=\"e-con-inner\">\n\t\t\t\t<div class=\"elementor-element elementor-element-00769c9 elementor-widget elementor-widget-text-editor\" data-id=\"00769c9\" data-element_type=\"widget\" data-e-type=\"widget\" data-widget_type=\"text-editor.default\">\n\t\t\t\t<div class=\"elementor-widget-container\">\n\t\t\t\t\t\t\t\t\t<h3><strong>Commande:<\/strong><\/h3>\n<h5>Acceptez-vous les commandes sp\u00e9ciales ?<\/h5>\n<p>Vous pouvez contacter la boulangerie la plus proche de chez vous pour une commande sp\u00e9ciale.<\/p>\n<h5>Comment puis-je obtenir le re\u00e7u de ma commande en ligne ?<\/h5>\n<p>Pour obtenir une copie de votre re\u00e7u, t\u00e9l\u00e9phonez \u00e0 la boulangerie que vous avez s\u00e9lectionn\u00e9e lors de votre commande en ligne.<\/p>\n<h5>Puis-je reprogrammer ma commande pour un retrait plus t\u00f4t ou plus tard ?<\/h5>\n<p>Votre demande doit \u00eatre effectu\u00e9e au moins 24 heures \u00e0 l&#039;avance, et vous devez contacter la boulangerie par t\u00e9l\u00e9phone pour le faire.<\/p>\n<h5>Puis-je modifier ou annuler une commande ?<\/h5>\n<p>Vous pouvez modifier ou annuler une commande avec un pr\u00e9avis de 24 heures (48 heures pour les commandes traiteur). Pour ce faire, vous devez contacter la boulangerie par t\u00e9l\u00e9phone.<br>Si la commande a \u00e9t\u00e9 pay\u00e9e d&#039;avance, vous serez rembours\u00e9 (attention, 7 \u00e0 10 jours sont n\u00e9cessaires pour un remboursement par carte bancaire).<\/p>\n<h5>Quelle est votre politique en mati\u00e8re d&#039;\u00e9changes et de remboursements ?<\/h5>\n<p>Pour les \u00e9changes ou remboursements, veuillez contacter la boulangerie o\u00f9 vous avez achet\u00e9 l&#039;article.<\/p><p><br><\/p>\n<h3>Politique de confidentialit\u00e9<\/h3>\n<p>Nous respectons votre vie priv\u00e9e. Lorsque vous passez une commande sur notre site web, nous collectons des informations de base telles que votre nom, vos coordonn\u00e9es, votre adresse et vos informations de paiement. Ces informations sont utilis\u00e9es uniquement pour traiter votre commande et vous fournir un service client.<\/p>\n<p>Nous ne vendons ni ne partageons vos donn\u00e9es personnelles avec des tiers, \u00e0 l&#039;exception des services de confiance tels que les processeurs de paiement et les prestataires de livraison.<\/p>\n<p>Notre site utilise des cookies pour am\u00e9liorer votre exp\u00e9rience de navigation. En utilisant notre site, vous acceptez notre utilisation des cookies.<\/p>\t\t\t\t\t\t\t\t<\/div>\n\t\t\t\t<\/div>\n\t\t\t\t\t<\/div>\n\t\t\t\t<\/div>\n\t\t\t\t<\/div>","protected":false},"excerpt":{"rendered":"<p>Order: Do you accept special orders? You can contact the bakery at your nearest&nbsp; for a special order. How do I get the receipt for my online order? To get a copy of your receipt, phone the bakery you selected when you placed your online order. Can I reschedule my order for earlier or later [&hellip;]<\/p>\n","protected":false},"author":1,"featured_media":0,"parent":0,"menu_order":0,"comment_status":"closed","ping_status":"closed","template":"","meta":{"om_disable_all_campaigns":false,"_uag_custom_page_level_css":"","_monsterinsights_skip_tracking":false,"_monsterinsights_sitenote_active":false,"_monsterinsights_sitenote_note":"","_monsterinsights_sitenote_category":0,"site-sidebar-layout":"no-sidebar","site-content-layout":"page-builder","ast-site-content-layout":"full-width-container","site-content-style":"default","site-sidebar-style":"default","ast-global-header-display":"","ast-banner-title-visibility":"","ast-main-header-display":"","ast-hfb-above-header-display":"","ast-hfb-below-header-display":"","ast-hfb-mobile-header-display":"","site-post-title":"disabled","ast-breadcrumbs-content":"","ast-featured-img":"disabled","footer-sml-layout":"","theme-transparent-header-meta":"","adv-header-id-meta":"","stick-header-meta":"","header-above-stick-meta":"","header-main-stick-meta":"","header-below-stick-meta":"","astra-migrate-meta-layouts":"set","ast-page-background-enabled":"default","ast-page-background-meta":{"desktop":{"background-color":"var(--ast-global-color-4)","background-image":"","background-repeat":"repeat","background-position":"center center","background-size":"auto","background-attachment":"scroll","background-type":"","background-media":"","overlay-type":"","overlay-color":"","overlay-opacity":"","overlay-gradient":""},"tablet":{"background-color":"","background-image":"","background-repeat":"repeat","background-position":"center center","background-size":"auto","background-attachment":"scroll","background-type":"","background-media":"","overlay-type":"","overlay-color":"","overlay-opacity":"","overlay-gradient":""},"mobile":{"background-color":"","background-image":"","background-repeat":"repeat","background-position":"center center","background-size":"auto","background-attachment":"scroll","background-type":"","background-media":"","overlay-type":"","overlay-color":"","overlay-opacity":"","overlay-gradient":""}},"ast-content-background-meta":{"desktop":{"background-color":"var(--ast-global-color-5)","background-image":"","background-repeat":"repeat","background-position":"center center","background-size":"auto","background-attachment":"scroll","background-type":"","background-media":"","overlay-type":"","overlay-color":"","overlay-opacity":"","overlay-gradient":""},"tablet":{"background-color":"var(--ast-global-color-5)","background-image":"","background-repeat":"repeat","background-position":"center center","background-size":"auto","background-attachment":"scroll","background-type":"","background-media":"","overlay-type":"","overlay-color":"","overlay-opacity":"","overlay-gradient":""},"mobile":{"background-color":"var(--ast-global-color-5)","background-image":"","background-repeat":"repeat","background-position":"center center","background-size":"auto","background-attachment":"scroll","background-type":"","background-media":"","overlay-type":"","overlay-color":"","overlay-opacity":"","overlay-gradient":""}},"footnotes":""},"class_list":["post-3162","page","type-page","status-publish","hentry"],"aioseo_notices":[],"uagb_featured_image_src":{"full":false,"thumbnail":false,"medium":false,"medium_large":false,"large":false,"1536x1536":false,"2048x2048":false,"trp-custom-language-flag":false,"woocommerce_thumbnail":false,"woocommerce_single":false,"woocommerce_gallery_thumbnail":false},"uagb_author_info":{"display_name":"Ying Song","author_link":"https:\/\/brisegateau.com\/fr_ca\/author\/songying19960911gmail-com\/"},"uagb_comment_info":0,"uagb_excerpt":"Order: Do you accept special orders? You can contact the bakery at your nearest&nbsp; for a special order. How do I get the receipt for my online order? To get a copy of your receipt, phone the bakery you selected when you placed your online order. Can I reschedule my order for earlier or later&hellip;","_links":{"self":[{"href":"https:\/\/brisegateau.com\/fr_ca\/wp-json\/wp\/v2\/pages\/3162","targetHints":{"allow":["GET"]}}],"collection":[{"href":"https:\/\/brisegateau.com\/fr_ca\/wp-json\/wp\/v2\/pages"}],"about":[{"href":"https:\/\/brisegateau.com\/fr_ca\/wp-json\/wp\/v2\/types\/page"}],"author":[{"embeddable":true,"href":"https:\/\/brisegateau.com\/fr_ca\/wp-json\/wp\/v2\/users\/1"}],"replies":[{"embeddable":true,"href":"https:\/\/brisegateau.com\/fr_ca\/wp-json\/wp\/v2\/comments?post=3162"}],"version-history":[{"count":7,"href":"https:\/\/brisegateau.com\/fr_ca\/wp-json\/wp\/v2\/pages\/3162\/revisions"}],"predecessor-version":[{"id":3318,"href":"https:\/\/brisegateau.com\/fr_ca\/wp-json\/wp\/v2\/pages\/3162\/revisions\/3318"}],"wp:attachment":[{"href":"https:\/\/brisegateau.com\/fr_ca\/wp-json\/wp\/v2\/media?parent=3162"}],"curies":[{"name":"wp","href":"https:\/\/api.w.org\/{rel}","templated":true}]}}